{"id":898,"date":"2025-03-24T06:14:56","date_gmt":"2025-03-24T06:14:56","guid":{"rendered":"https:\/\/iffootballagency.com\/\/politica-de-privacidad-y-cookies\/"},"modified":"2025-04-07T13:25:41","modified_gmt":"2025-04-07T13:25:41","slug":"politica-de-privacidad-y-cookies","status":"publish","type":"page","link":"https:\/\/iffootballagency.com\/es\/politica-de-privacidad-y-cookies\/","title":{"rendered":"Pol\u00edtica de privacidad y cookies"},"content":{"rendered":"<h2>Pol\u00edtica de privacidad<\/h2>\n<p>Integral Advising Football SL informa que cualquier dato personal proporcionado por el usuario para el uso de los servicios y\/o contenidos del sitio web, o como resultado del env\u00edo de correos electr\u00f3nicos, estar\u00e1 sujeto a lo dispuesto en esta pol\u00edtica de privacidad y protecci\u00f3n de datos.<\/p>\n<p>Sin embargo, es necesario considerar que algunos procesos de recopilaci\u00f3n de datos personales en este sitio web pueden contener condiciones espec\u00edficas con disposiciones sobre la protecci\u00f3n de datos personales.<\/p>\n<ol>\n<li><b>Responsabilidad de los datos e informaci\u00f3n del usuario<\/b><\/li>\n<\/ol>\n<p>Integral Advising Football SL es responsable del tratamiento de los datos personales del usuario e informa que dichos datos ser\u00e1n tratados de acuerdo con lo dispuesto en el Reglamento (UE) 2016\/679 de 27 de abril de 2016 (en adelante, GDPR), relativo a la protecci\u00f3n de las personas f\u00edsicas en lo que respecta al tratamiento de datos personales y la libre circulaci\u00f3n de estos datos. Se proporciona la siguiente informaci\u00f3n sobre el tratamiento de datos:<\/p>\n<ul>\n<li><b>Finalidad del tratamiento:<\/b> Mantener una relaci\u00f3n con el usuario. Las operaciones previstas para el tratamiento est\u00e1n especificadas en las diferentes cl\u00e1usulas informativas publicadas en cada formulario.<\/li>\n<li><b>Criterios de conservaci\u00f3n de datos:<\/b> Los datos se conservar\u00e1n mientras haya inter\u00e9s mutuo en mantener la finalidad del tratamiento. Una vez que deje de ser necesario, los datos ser\u00e1n eliminados con medidas de seguridad adecuadas para garantizar su pseudonimizaci\u00f3n o destrucci\u00f3n completa.<\/li>\n<li><b>Comunicaci\u00f3n de datos:<\/b> Los datos se comunicar\u00e1n en los casos indicados en las diferentes cl\u00e1usulas informativas publicadas en cada formulario.<\/li>\n<\/ul>\n<ol start=\"2\">\n<li><b>Derechos del usuario<\/b><\/li>\n<\/ol>\n<p>El usuario del sitio web tiene los siguientes derechos:<\/p>\n<ul>\n<li><b>Derecho al olvido:<\/b> En ciertas circunstancias, los usuarios pueden solicitar la eliminaci\u00f3n de sus datos de todos nuestros registros.<\/li>\n<li><b>Derecho a la limitaci\u00f3n del tratamiento:<\/b> Los usuarios tienen derecho a restringir el tratamiento de sus datos en determinadas condiciones.<\/li>\n<li><b>Derecho a la portabilidad:<\/b> Derecho a transferir los datos personales a otra organizaci\u00f3n.<\/li>\n<li><b>Derecho de oposici\u00f3n:<\/b> Derecho a oponerse a ciertos tipos de tratamiento, como el marketing directo.<\/li>\n<li><b>Derecho a oponerse al procesamiento automatizado.<\/b><\/li>\n<\/ul>\n<ol start=\"3\">\n<li><b>Informaci\u00f3n de contacto para ejercer los derechos del usuario<\/b><\/li>\n<\/ol>\n<p>Si el usuario desea ejercer cualquiera de estos derechos, debe hacerlo por escrito y proporcionar una copia de su documento de identidad a la siguiente direcci\u00f3n postal: Ronda Narc\u00eds Monturiol i Estarriol 4, Puerta 204, Centro Empresarial Destro, CP: 46980 Paterna, Valencia (Espa\u00f1a), o mediante correo electr\u00f3nico a: f.vila@inadfootball.com.<\/p>\n<p>Adem\u00e1s, los usuarios pueden contactar con la Agencia Espa\u00f1ola de Protecci\u00f3n de Datos (AGENCIA ESPA\u00d1OLA DE PROTECCI\u00d3N DE DATOS) a trav\u00e9s de su sitio web <a href=\"https:\/\/www.aepd.es\">www.aepd.es<\/a> o en la direcci\u00f3n postal C\/ Jorge Juan, 6, 28001 &#8211; Madrid, Tel. 901 100 099 &#8211; 912 663 517.<\/p>\n<ol start=\"4\">\n<li><b>Transferencias internacionales de datos<\/b><\/li>\n<\/ol>\n<p>Integral Advising Football SL procesa los datos del usuario dentro del Espacio Econ\u00f3mico Europeo (EEE) y no prev\u00e9 realizar transferencias internacionales de datos.<\/p>\n<ol start=\"5\">\n<li><b>Medidas de seguridad de los datos personales<\/b><\/li>\n<\/ol>\n<p>En cumplimiento con la normativa vigente en materia de protecci\u00f3n de datos, Integral Advising Football SL cumple con todas las disposiciones del GDPR para el tratamiento responsable de los datos personales. La empresa garantiza que ha implementado medidas t\u00e9cnicas y organizativas apropiadas para aplicar medidas de seguridad que aseguren la protecci\u00f3n de los derechos y libertades de los usuarios, as\u00ed como proporcionar informaci\u00f3n adecuada para que los usuarios puedan ejercer sus derechos.<\/p>\n<h2>Pol\u00edtica de cookies<\/h2>\n<p><b>\u00bfQu\u00e9 son las cookies?<\/b><\/p>\n<p>Las cookies y otras t\u00e9cnicas similares son archivos de texto, imagen o rutinas instalados o ejecutados en el dispositivo del usuario (PC, Smartphone, Tablet, etc.) al acceder al servicio para registrar la actividad de navegaci\u00f3n en las p\u00e1ginas y secciones de los servicios.<\/p>\n<p>Las cookies est\u00e1n asociadas \u00fanicamente con un c\u00f3digo (ID) que identifica el dispositivo y\/o navegador utilizado en cada visita y no proporcionan referencias que permitan la deducci\u00f3n de otros datos personales del usuario.<\/p>\n<p><b>Finalidad de las cookies<\/b><\/p>\n<p>Los servicios utilizan cookies:<\/p>\n<ul>\n<li>Para ofrecer contenido e informaci\u00f3n m\u00e1s adecuados a los intereses del usuario y facilitar su navegaci\u00f3n.<\/li>\n<li>Para registrar las preferencias del usuario y proporcionar un acceso m\u00e1s r\u00e1pido.<\/li>\n<li>Para personalizar los servicios ofrecidos proporcionando informaci\u00f3n de inter\u00e9s para cada usuario.<\/li>\n<li>Para comprender la interacci\u00f3n del usuario con los servicios y proporcionar informaci\u00f3n relevante.<\/li>\n<li>Para personalizar los anuncios en funci\u00f3n de las preferencias del usuario.<\/li>\n<\/ul>\n<p><b>Tipos de cookies<\/b><\/p>\n<p><b>Por duraci\u00f3n:<\/b><\/p>\n<ul>\n<li><b>Cookies de sesi\u00f3n:<\/b> Expiran cuando el usuario cierra el navegador y se eliminan inmediatamente.<\/li>\n<li><b>Cookies persistentes:<\/b> Expiran seg\u00fan su prop\u00f3sito o cuando se eliminan manualmente.<\/li>\n<\/ul>\n<p><b>Por origen:<\/b><\/p>\n<ul>\n<li><b>Cookies propias:<\/b> Enviadas por nuestros servicios y gestionadas exclusivamente por nosotros.<\/li>\n<li><b>Cookies de terceros:<\/b> Enviadas por entidades externas al acceder a redes sociales, videos o anuncios.<\/li>\n<\/ul>\n<p><b>Desactivaci\u00f3n de cookies<\/b><\/p>\n<p>Los usuarios pueden desactivar o eliminar las cookies a trav\u00e9s de la configuraci\u00f3n de su navegador. Sin embargo, al desactivar las cookies, es posible que algunas funciones de los servicios no est\u00e9n operativas.<\/p>\n<h2>Aviso legal<\/h2>\n<p>Integral Advising Football SL (en adelante, Integral Football), con domicilio en Ronda Narc\u00eds Monturiol i Estarriol 4, Puerta 204, Centro Empresarial Destro, CP: 46980 Paterna, Valencia (Espa\u00f1a), proporciona contenido informativo sobre sus actividades en su sitio web <a href=\"https:\/\/www.iffootballagency.com\">www.iffootballagency.com<\/a>.<\/p>\n<p><b>T\u00e9rminos de uso<\/b><\/p>\n<ul>\n<li>El acceso al sitio web implica la aceptaci\u00f3n total de estos t\u00e9rminos.<\/li>\n<li>Los usuarios no deben realizar actividades ilegales utilizando el sitio web.<\/li>\n<li>Integral Football se reserva el derecho de modificar el contenido del sitio web en cualquier momento.<\/li>\n<li>El contenido, dise\u00f1o y programaci\u00f3n del sitio web est\u00e1n protegidos por las leyes de derechos de autor.<\/li>\n<\/ul>\n<p><b>Jurisdicci\u00f3n y ley aplicable<\/b><\/p>\n<p>Estos t\u00e9rminos se rigen por la legislaci\u00f3n espa\u00f1ola. Cualquier disputa se resolver\u00e1 en los tribunales de Valencia, con renuncia expresa del usuario a cualquier otra jurisdicci\u00f3n.<\/p>\n<p>Si alguna cl\u00e1usula de este documento es declarada nula, las dem\u00e1s cl\u00e1usulas seguir\u00e1n vigentes, interpret\u00e1ndose seg\u00fan la intenci\u00f3n de las partes.<\/p>\n","protected":false},"excerpt":{"rendered":"<p>Pol\u00edtica de privacidad Integral Advising Football SL informa que cualquier dato personal proporcionado por el usuario para el uso de los servicios y\/o contenidos del sitio web, o como resultado del env\u00edo de correos electr\u00f3nicos, estar\u00e1 sujeto a lo dispuesto en esta pol\u00edtica de privacidad y protecci\u00f3n de datos. Sin embargo, es necesario considerar que [&hellip;]<\/p>\n","protected":false},"author":1,"featured_media":669,"parent":0,"menu_order":10,"comment_status":"closed","ping_status":"closed","template":"","meta":{"_acf_changed":false,"footnotes":""},"class_list":["post-898","page","type-page","status-publish","has-post-thumbnail","hentry"],"acf":[],"yoast_head":"<!-- This site is optimized with the Yoast SEO plugin v24.8.1 - https:\/\/yoast.com\/wordpress\/plugins\/seo\/ -->\n<title>Privacy and cookies policy - Integral Football<\/title>\n<meta name=\"robots\" content=\"index, follow, max-snippet:-1, max-image-preview:large, max-video-preview:-1\" \/>\n<link rel=\"canonical\" href=\"https:\/\/iffootballagency.com\/privacy-and-cookies-policy\/\" \/>\n<meta property=\"og:locale\" content=\"es_ES\" \/>\n<meta property=\"og:type\" content=\"article\" \/>\n<meta property=\"og:title\" content=\"Privacy and cookies policy - Integral Football\" \/>\n<meta property=\"og:description\" content=\"Pol\u00edtica de privacidad Integral Advising Football SL informa que cualquier dato personal proporcionado por el usuario para el uso de los servicios y\/o contenidos del sitio web, o como resultado del env\u00edo de correos electr\u00f3nicos, estar\u00e1 sujeto a lo dispuesto en esta pol\u00edtica de privacidad y protecci\u00f3n de datos. Sin embargo, es necesario considerar que [&hellip;]\" \/>\n<meta property=\"og:url\" content=\"https:\/\/iffootballagency.com\/privacy-and-cookies-policy\/\" \/>\n<meta property=\"og:site_name\" content=\"F\u00fatbol Integral\" \/>\n<meta property=\"article:modified_time\" content=\"2025-04-07T13:25:41+00:00\" \/>\n<meta property=\"og:image\" content=\"https:\/\/iffootballagency.com\/wp-content\/uploads\/2025\/02\/privacy-and-cookies-policy.webp\" \/>\n\t<meta property=\"og:image:width\" content=\"1920\" \/>\n\t<meta property=\"og:image:height\" content=\"300\" \/>\n\t<meta property=\"og:image:type\" content=\"image\/webp\" \/>\n<meta name=\"twitter:card\" content=\"summary_large_image\" \/>\n<meta name=\"twitter:label1\" content=\"Est. reading time\" \/>\n\t<meta name=\"twitter:data1\" content=\"5 minutos\" \/>\n<script type=\"application\/ld+json\" class=\"yoast-schema-graph\">{\"@context\":\"https:\/\/schema.org\",\"@graph\":[{\"@type\":\"WebPage\",\"@id\":\"https:\/\/iffootballagency.com\/privacy-and-cookies-policy\/\",\"url\":\"https:\/\/iffootballagency.com\/privacy-and-cookies-policy\/\",\"name\":\"Privacy and cookies policy - Integral Football\",\"isPartOf\":{\"@id\":\"https:\/\/iffootballagency.com\/#website\"},\"primaryImageOfPage\":{\"@id\":\"https:\/\/iffootballagency.com\/privacy-and-cookies-policy\/#primaryimage\"},\"image\":{\"@id\":\"https:\/\/iffootballagency.com\/privacy-and-cookies-policy\/#primaryimage\"},\"thumbnailUrl\":\"https:\/\/iffootballagency.com\/wp-content\/uploads\/2025\/02\/privacy-and-cookies-policy.webp\",\"datePublished\":\"2025-03-24T06:14:56+00:00\",\"dateModified\":\"2025-04-07T13:25:41+00:00\",\"breadcrumb\":{\"@id\":\"https:\/\/iffootballagency.com\/privacy-and-cookies-policy\/#breadcrumb\"},\"inLanguage\":\"es\",\"potentialAction\":[{\"@type\":\"ReadAction\",\"target\":[\"https:\/\/iffootballagency.com\/privacy-and-cookies-policy\/\"]}]},{\"@type\":\"ImageObject\",\"inLanguage\":\"es\",\"@id\":\"https:\/\/iffootballagency.com\/privacy-and-cookies-policy\/#primaryimage\",\"url\":\"https:\/\/iffootballagency.com\/wp-content\/uploads\/2025\/02\/privacy-and-cookies-policy.webp\",\"contentUrl\":\"https:\/\/iffootballagency.com\/wp-content\/uploads\/2025\/02\/privacy-and-cookies-policy.webp\",\"width\":1920,\"height\":300},{\"@type\":\"BreadcrumbList\",\"@id\":\"https:\/\/iffootballagency.com\/privacy-and-cookies-policy\/#breadcrumb\",\"itemListElement\":[{\"@type\":\"ListItem\",\"position\":1,\"name\":\"Home\",\"item\":\"https:\/\/iffootballagency.com\/es\/\"},{\"@type\":\"ListItem\",\"position\":2,\"name\":\"Pol\u00edtica de privacidad y cookies\"}]},{\"@type\":\"WebSite\",\"@id\":\"https:\/\/iffootballagency.com\/#website\",\"url\":\"https:\/\/iffootballagency.com\/\",\"name\":\"F\u00fatbol Integral\",\"description\":\"\",\"publisher\":{\"@id\":\"https:\/\/iffootballagency.com\/#organization\"},\"potentialAction\":[{\"@type\":\"SearchAction\",\"target\":{\"@type\":\"EntryPoint\",\"urlTemplate\":\"https:\/\/iffootballagency.com\/?s={search_term_string}\"},\"query-input\":{\"@type\":\"PropertyValueSpecification\",\"valueRequired\":true,\"valueName\":\"search_term_string\"}}],\"inLanguage\":\"es\"},{\"@type\":\"Organization\",\"@id\":\"https:\/\/iffootballagency.com\/#organization\",\"name\":\"F\u00fatbol Integral\",\"url\":\"https:\/\/iffootballagency.com\/\",\"logo\":{\"@type\":\"ImageObject\",\"inLanguage\":\"es\",\"@id\":\"https:\/\/iffootballagency.com\/#\/schema\/logo\/image\/\",\"url\":\"https:\/\/iffootballagency.com\/wp-content\/uploads\/2025\/02\/integral-football-logo.svg\",\"contentUrl\":\"https:\/\/iffootballagency.com\/wp-content\/uploads\/2025\/02\/integral-football-logo.svg\",\"caption\":\"F\u00fatbol Integral\"},\"image\":{\"@id\":\"https:\/\/iffootballagency.com\/#\/schema\/logo\/image\/\"}}]}<\/script>\n<!-- \/ Yoast SEO plugin. -->","yoast_head_json":{"title":"Privacy and cookies policy - Integral Football","robots":{"index":"index","follow":"follow","max-snippet":"max-snippet:-1","max-image-preview":"max-image-preview:large","max-video-preview":"max-video-preview:-1"},"canonical":"https:\/\/iffootballagency.com\/privacy-and-cookies-policy\/","og_locale":"es_ES","og_type":"article","og_title":"Privacy and cookies policy - Integral Football","og_description":"Pol\u00edtica de privacidad Integral Advising Football SL informa que cualquier dato personal proporcionado por el usuario para el uso de los servicios y\/o contenidos del sitio web, o como resultado del env\u00edo de correos electr\u00f3nicos, estar\u00e1 sujeto a lo dispuesto en esta pol\u00edtica de privacidad y protecci\u00f3n de datos. Sin embargo, es necesario considerar que [&hellip;]","og_url":"https:\/\/iffootballagency.com\/privacy-and-cookies-policy\/","og_site_name":"F\u00fatbol Integral","article_modified_time":"2025-04-07T13:25:41+00:00","og_image":[{"width":1920,"height":300,"url":"https:\/\/iffootballagency.com\/wp-content\/uploads\/2025\/02\/privacy-and-cookies-policy.webp","type":"image\/webp"}],"twitter_card":"summary_large_image","twitter_misc":{"Est. reading time":"5 minutos"},"schema":{"@context":"https:\/\/schema.org","@graph":[{"@type":"WebPage","@id":"https:\/\/iffootballagency.com\/privacy-and-cookies-policy\/","url":"https:\/\/iffootballagency.com\/privacy-and-cookies-policy\/","name":"Privacy and cookies policy - Integral Football","isPartOf":{"@id":"https:\/\/iffootballagency.com\/#website"},"primaryImageOfPage":{"@id":"https:\/\/iffootballagency.com\/privacy-and-cookies-policy\/#primaryimage"},"image":{"@id":"https:\/\/iffootballagency.com\/privacy-and-cookies-policy\/#primaryimage"},"thumbnailUrl":"https:\/\/iffootballagency.com\/wp-content\/uploads\/2025\/02\/privacy-and-cookies-policy.webp","datePublished":"2025-03-24T06:14:56+00:00","dateModified":"2025-04-07T13:25:41+00:00","breadcrumb":{"@id":"https:\/\/iffootballagency.com\/privacy-and-cookies-policy\/#breadcrumb"},"inLanguage":"es","potentialAction":[{"@type":"ReadAction","target":["https:\/\/iffootballagency.com\/privacy-and-cookies-policy\/"]}]},{"@type":"ImageObject","inLanguage":"es","@id":"https:\/\/iffootballagency.com\/privacy-and-cookies-policy\/#primaryimage","url":"https:\/\/iffootballagency.com\/wp-content\/uploads\/2025\/02\/privacy-and-cookies-policy.webp","contentUrl":"https:\/\/iffootballagency.com\/wp-content\/uploads\/2025\/02\/privacy-and-cookies-policy.webp","width":1920,"height":300},{"@type":"BreadcrumbList","@id":"https:\/\/iffootballagency.com\/privacy-and-cookies-policy\/#breadcrumb","itemListElement":[{"@type":"ListItem","position":1,"name":"Home","item":"https:\/\/iffootballagency.com\/es\/"},{"@type":"ListItem","position":2,"name":"Pol\u00edtica de privacidad y cookies"}]},{"@type":"WebSite","@id":"https:\/\/iffootballagency.com\/#website","url":"https:\/\/iffootballagency.com\/","name":"F\u00fatbol Integral","description":"","publisher":{"@id":"https:\/\/iffootballagency.com\/#organization"},"potentialAction":[{"@type":"SearchAction","target":{"@type":"EntryPoint","urlTemplate":"https:\/\/iffootballagency.com\/?s={search_term_string}"},"query-input":{"@type":"PropertyValueSpecification","valueRequired":true,"valueName":"search_term_string"}}],"inLanguage":"es"},{"@type":"Organization","@id":"https:\/\/iffootballagency.com\/#organization","name":"F\u00fatbol Integral","url":"https:\/\/iffootballagency.com\/","logo":{"@type":"ImageObject","inLanguage":"es","@id":"https:\/\/iffootballagency.com\/#\/schema\/logo\/image\/","url":"https:\/\/iffootballagency.com\/wp-content\/uploads\/2025\/02\/integral-football-logo.svg","contentUrl":"https:\/\/iffootballagency.com\/wp-content\/uploads\/2025\/02\/integral-football-logo.svg","caption":"F\u00fatbol Integral"},"image":{"@id":"https:\/\/iffootballagency.com\/#\/schema\/logo\/image\/"}}]}},"_links":{"self":[{"href":"https:\/\/iffootballagency.com\/es\/wp-json\/wp\/v2\/pages\/898","targetHints":{"allow":["GET"]}}],"collection":[{"href":"https:\/\/iffootballagency.com\/es\/wp-json\/wp\/v2\/pages"}],"about":[{"href":"https:\/\/iffootballagency.com\/es\/wp-json\/wp\/v2\/types\/page"}],"author":[{"embeddable":true,"href":"https:\/\/iffootballagency.com\/es\/wp-json\/wp\/v2\/users\/1"}],"replies":[{"embeddable":true,"href":"https:\/\/iffootballagency.com\/es\/wp-json\/wp\/v2\/comments?post=898"}],"version-history":[{"count":5,"href":"https:\/\/iffootballagency.com\/es\/wp-json\/wp\/v2\/pages\/898\/revisions"}],"predecessor-version":[{"id":995,"href":"https:\/\/iffootballagency.com\/es\/wp-json\/wp\/v2\/pages\/898\/revisions\/995"}],"wp:featuredmedia":[{"embeddable":true,"href":"https:\/\/iffootballagency.com\/es\/wp-json\/wp\/v2\/media\/669"}],"wp:attachment":[{"href":"https:\/\/iffootballagency.com\/es\/wp-json\/wp\/v2\/media?parent=898"}],"curies":[{"name":"wp","href":"https:\/\/api.w.org\/{rel}","templated":true}]}}